{"id":652,"date":"2023-04-18T11:58:24","date_gmt":"2023-04-18T09:58:24","guid":{"rendered":"https:\/\/rae-sus.de\/?page_id=652"},"modified":"2026-03-12T11:31:49","modified_gmt":"2026-03-12T10:31:49","slug":"selected-publications-and-lectures","status":"publish","type":"page","link":"https:\/\/rae-sus.de\/en\/selected-publications-and-lectures\/","title":{"rendered":"Publications"},"content":{"rendered":"<div class=\"wpb-content-wrapper\"><p>[vc_row height_ratio=&#8221;70&#8243; rc_heading_color=&#8221;light&#8221; rc_bg_type=&#8221;image&#8221; rc_bg_image=&#8221;333&#8243; rc_bg_image_size=&#8221;full&#8221; rc_bg_position=&#8221;center-top&#8221;][vc_column vertical_content_position=&#8221;middle&#8221; el_class=&#8221;einstieg&#8221;]<h3 class=\"eut-element eut-title eut-align-inherit eut-subtitle-text\" style=\"\"><span><strong><u>Publications<\/u><\/strong><\/span><\/h3><h1 class=\"eut-element eut-title eut-align-inherit eut-h1\" style=\"\"><span>Selected<br \/>\npublications<br \/>\nand lectures<\/span><\/h1>[\/vc_column][\/vc_row][vc_row][vc_column]<div class=\"eut-empty-space eut-height-2x\" style=\"\"><\/div>[\/vc_column][\/vc_row][vc_row padding_top_multiplier=&#8221;&#8221;][vc_column]<div class=\"eut-empty-space eut-height-3x\" style=\"\"><\/div><div class=\"eut-element eut-divider\" style=\"\"><span class=\"eut-custom-divider eut-bg-primary-1 eut-align-inherit\" style=\"width: 100%;height: 1px;\"><\/span><\/div>[vc_row_inner][vc_column_inner width=&#8221;1\/3&#8243;][vc_column_text]<\/p>\n<h2>Dr. Friedrich Schultehinrichs<\/h2>\n<p>[\/vc_column_text][\/vc_column_inner][vc_column_inner width=&#8221;2\/3&#8243;][vc_column_text]Gewinnabsch\u00f6pfung bei Bet\u00e4ubungsmitteldelikten \u2013 Zur Problematik der geplanten Vorschrift \u00fcber den erweiterten Verfall (Dissertation)[\/vc_column_text]<div class=\"eut-element eut-divider\" style=\"padding-top: 1rem;padding-bottom: 1rem;\"><span class=\"eut-custom-divider eut-bg-primary-1 eut-align-inherit\" style=\"width: 100%;height: 1px;\"><\/span><\/div>[vc_column_text]DAI 3. Jahresarbeitstagung Steuerstrafrecht, Vortrag zu \u201eStrafbarkeitsrisiken des steuerlichen Beraters im Hinblick auf den Vorwurf der Beihilfe zur Steuerhinterziehung\u201c, Berlin 2022[\/vc_column_text]<div class=\"eut-element eut-divider\" style=\"padding-top: 1rem;padding-bottom: 1rem;\"><span class=\"eut-custom-divider eut-bg-primary-1 eut-align-inherit\" style=\"width: 100%;height: 1px;\"><\/span><\/div>[vc_column_text]Kitzb\u00fchel Country Club GmbH, Vortrag \u201eGrenz\u00fcbergreifende Zusammenarbeit der Beh\u00f6rden im Steuerstrafrecht\u201c, Kitzb\u00fchel 2019[\/vc_column_text]<div class=\"eut-element eut-divider\" style=\"padding-top: 1rem;padding-bottom: 1rem;\"><span class=\"eut-custom-divider eut-bg-primary-1 eut-align-inherit\" style=\"width: 100%;height: 1px;\"><\/span><\/div>[vc_column_text]Bundesverband Deutscher Krankenhausapotheker e.V., Vortrag im Rahmen der Fortbildungsveranstaltung zum Thema \u201eDas Antikorruptionsgesetz und die Krankenhausapotheke\u201c, Frankfurt 2016[\/vc_column_text]<div class=\"eut-element eut-divider\" style=\"padding-top: 1rem;padding-bottom: 1rem;\"><span class=\"eut-custom-divider eut-bg-primary-1 eut-align-inherit\" style=\"width: 100%;height: 1px;\"><\/span><\/div>[vc_column_text]Forum-Institut f\u00fcr Management GmbH, Vortrag \u00fcber \u201eScheinselbstst\u00e4ndigkeit und Scheinwerkvertr\u00e4ge\u201c, Frankfurt 2015[\/vc_column_text]<div class=\"eut-element eut-divider\" style=\"padding-top: 1rem;padding-bottom: 1rem;\"><span class=\"eut-custom-divider eut-bg-primary-1 eut-align-inherit\" style=\"width: 100%;height: 1px;\"><\/span><\/div>[vc_column_text]Flore\/Tsambikakis, Kommentar zum Steuerstrafrecht, Kommentierung \u00a7 373 AO (Gewerbsm\u00e4\u00dfiger, gewaltsamer und bandenm\u00e4\u00dfiger Schmuggel) und \u00a7 374 AO (Steuerhehlerei) zusammen mit Prof. Dr. Frank Peter Schuster[\/vc_column_text]<div class=\"eut-element eut-divider\" style=\"padding-top: 1rem;padding-bottom: 1rem;\"><span class=\"eut-custom-divider eut-bg-primary-1 eut-align-inherit\" style=\"width: 100%;height: 1px;\"><\/span><\/div>[vc_column_text]Anmerkung zu Beschluss OLG Frankfurt v. 01.03.2007 (2 Ausl. A 73\/06) zu Zusicherungen im Auslieferungsverfahren[\/vc_column_text][\/vc_column_inner][\/vc_row_inner]<div class=\"eut-empty-space eut-height-3x\" style=\"\"><\/div>[\/vc_column][\/vc_row][vc_row padding_top_multiplier=&#8221;&#8221; rc_heading_color=&#8221;primary-4&#8243; rc_link_color=&#8221;primary-2&#8243; rc_link_hover_color=&#8221;primary-3&#8243; rc_bg_type=&#8221;color&#8221; rc_bg_color=&#8221;#7a7d6c&#8221; rc_font_color=&#8221;#ffffff&#8221;][vc_column]<div class=\"eut-empty-space eut-height-3x\" style=\"\"><\/div><div class=\"eut-element eut-divider\" style=\"\"><span class=\"eut-custom-divider eut-bg-white eut-align-inherit\" style=\"width: 100%;height: 1px;\"><\/span><\/div>[vc_row_inner][vc_column_inner width=&#8221;1\/3&#8243;][vc_column_text]<\/p>\n<h2>Dr. Thomas Schneider<\/h2>\n<p>[\/vc_column_text][\/vc_column_inner][vc_column_inner width=&#8221;2\/3&#8243;][vc_column_text]M\u00f6glichkeiten und Grenzen der Umsetzung der gesellschaftsrechtlichen und bankenaufsichtsrechtlichen Anforderungen an Risikomanagement auf Gruppenebene, Duncker &amp; Humblot Berlin, 2009 (Dissertation)[\/vc_column_text]<div class=\"eut-element eut-divider\" style=\"padding-top: 1rem;padding-bottom: 1rem;\"><span class=\"eut-custom-divider eut-bg-primary-2 eut-align-inherit\" style=\"width: 100%;height: 1px;\"><\/span><\/div>[vc_column_text]Untreue im Idealverein; npoR &#8211; Zeitschrift f\u00fcr das Recht der Non Profit Organisationen 2020, Seiten 182 bis 186[\/vc_column_text]<div class=\"eut-element eut-divider\" style=\"padding-top: 1rem;padding-bottom: 1rem;\"><span class=\"eut-custom-divider eut-bg-primary-2 eut-align-inherit\" style=\"width: 100%;height: 1px;\"><\/span><\/div>[vc_column_text]Vortrag zur Untreue im Idealverein, 5. Vereinsrechtstag in Frankfurt am Main am 21.02.2022[\/vc_column_text]<div class=\"eut-element eut-divider\" style=\"padding-top: 1rem;padding-bottom: 1rem;\"><span class=\"eut-custom-divider eut-bg-primary-2 eut-align-inherit\" style=\"width: 100%;height: 1px;\"><\/span><\/div>[vc_column_text]Absch\u00f6pfung des Taterlangten bei Organen juristischer Personen; wistra &#8211; Zeitschrift f\u00fcr Wirtschafts- und Steuerstrafrecht 2020, Seiten 92 bis 96[\/vc_column_text]<div class=\"eut-element eut-divider\" style=\"padding-top: 1rem;padding-bottom: 1rem;\"><span class=\"eut-custom-divider eut-bg-primary-2 eut-align-inherit\" style=\"width: 100%;height: 1px;\"><\/span><\/div>[vc_column_text]Spezifische Fragen der Untreue bei der B\u00fcrgschaftsvergabe; wistra &#8211; Zeitschrift f\u00fcr Wirtschafts- und Steuerstrafrecht 2015, Seiten 369 bis 377[\/vc_column_text]<div class=\"eut-element eut-divider\" style=\"padding-top: 1rem;padding-bottom: 1rem;\"><span class=\"eut-custom-divider eut-bg-primary-2 eut-align-inherit\" style=\"width: 100%;height: 1px;\"><\/span><\/div>[vc_column_text css=&#8221;&#8221;]&#8221;Greenwashing&#8221; als Kapitalanlagebetrug gem. \u00a7 264a StGB aus der Perspektive des verfassungsrechtlichen R\u00fcckwirkungsverbotes (Art. 103 Abs. 2 GG); wistra &#8211; Zeitschrift f\u00fcr Wirtschafts- und Steuerstrafrecht 2024, Seiten 97 &#8211; 104, gemeinsam mit Jens Adam[\/vc_column_text]<div class=\"eut-element eut-divider\" style=\"padding-top: 1rem;padding-bottom: 1rem;\"><span class=\"eut-custom-divider eut-bg-primary-2 eut-align-inherit\" style=\"width: 100%;height: 1px;\"><\/span><\/div>[vc_column_text css=&#8221;&#8221;]Zur Bestimmung der Betrugsschadensh\u00f6he bei abgerechneten \u201eLuftleistungen\u201c im Kontext von Corona- \u201eScheinimpfungen\u201c \u2013 OLG Karlsruhe, Beschluss vom 10. April 2024 \u2013 1 Ws 80\/24, jurisPR-StrafR 21\/2024 Anm. 1[\/vc_column_text][\/vc_column_inner][\/vc_row_inner]<div class=\"eut-empty-space eut-height-3x\" style=\"\"><\/div>[\/vc_column][\/vc_row][vc_row padding_top_multiplier=&#8221;&#8221;][vc_column]<div class=\"eut-empty-space eut-height-3x\" style=\"\"><\/div><div class=\"eut-element eut-divider\" style=\"\"><span class=\"eut-custom-divider eut-bg-primary-1 eut-align-inherit\" style=\"width: 100%;height: 1px;\"><\/span><\/div>[vc_row_inner][vc_column_inner width=&#8221;1\/3&#8243;][vc_column_text css=&#8221;&#8221;]<\/p>\n<h2>Aleksandra Stankovic<\/h2>\n<p>[\/vc_column_text][\/vc_column_inner][vc_column_inner width=&#8221;2\/3&#8243;][vc_column_text]Das Steuergeheimnis bei Verdacht des Subventionsbetrugs betreffend \u201eCorona-Soforthilfen\u201c \u2013 LG Aachen, Beschluss vom 16. November 2020 \u2013 86 Qs \u2013 302 Js 736 \u2013 19\/20, jurisPR-StrafR 13\/2021 Anm. 2, gemeinsam mit Dr. Ricarda Schelzke[\/vc_column_text]<div class=\"eut-element eut-divider\" style=\"padding-top: 1rem;padding-bottom: 1rem;\"><span class=\"eut-custom-divider eut-bg-primary-1 eut-align-inherit\" style=\"width: 100%;height: 1px;\"><\/span><\/div>[vc_column_text]Keine Verletzung des \u00d6ffentlichkeitsgrundsatzes bei Durchf\u00fchrung einer Hauptverhandlung w\u00e4hrend eines Corona-Lockdowns, WiJ 2021, Seiten 117 bis 121[\/vc_column_text]<div class=\"eut-element eut-divider\" style=\"padding-top: 1rem;padding-bottom: 1rem;\"><span class=\"eut-custom-divider eut-bg-primary-1 eut-align-inherit\" style=\"width: 100%;height: 1px;\"><\/span><\/div>[vc_column_text css=&#8221;&#8221;]Ausschluss der Einziehung des Wertes von Tatertr\u00e4gen gem\u00e4\u00df \u00a7\u00a073e Abs. 1 Satz 1 StGB bei Wiedergutmachung des Schadens durch den T\u00e4ter \u2013 BGH, Beschluss vom 22. M\u00e4rz 2024 \u2013 1 StR 35\/24, jurisPR StrafR 14\/2024 Anm. 1[\/vc_column_text]<div class=\"eut-element eut-divider\" style=\"padding-top: 1rem;padding-bottom: 1rem;\"><span class=\"eut-custom-divider eut-bg-primary-1 eut-align-inherit\" style=\"width: 100%;height: 1px;\"><\/span><\/div>[vc_column_text css=&#8221;&#8221;]Anwendung des \u00a7\u00a0459g Abs. 5 S. 1 StPO bei Entreicherung des Einziehungsadressaten, ZWH 2024, 336-338[\/vc_column_text][\/vc_column_inner][\/vc_row_inner]<div class=\"eut-empty-space eut-height-3x\" style=\"\"><\/div>[\/vc_column][\/vc_row][vc_row padding_top_multiplier=&#8221;&#8221; rc_heading_color=&#8221;primary-4&#8243; rc_link_color=&#8221;primary-2&#8243; rc_link_hover_color=&#8221;primary-3&#8243; rc_bg_type=&#8221;color&#8221; rc_bg_color=&#8221;#7a7d6c&#8221; rc_font_color=&#8221;#ffffff&#8221;][vc_column]<div class=\"eut-empty-space eut-height-3x\" style=\"\"><\/div><div class=\"eut-element eut-divider\" style=\"\"><span class=\"eut-custom-divider eut-bg-white eut-align-inherit\" style=\"width: 100%;height: 1px;\"><\/span><\/div>[vc_row_inner][vc_column_inner width=&#8221;1\/3&#8243;][vc_column_text]<\/p>\n<h2>Dr. Anne Pradel<\/h2>\n<p>[\/vc_column_text][\/vc_column_inner][vc_column_inner width=&#8221;2\/3&#8243;][vc_column_text]Between politics and justice &#8211; The ministerial authority of the German public prosecutor&#8217;s office (doctoral thesis, 2022)[\/vc_column_text]<div class=\"eut-element eut-divider\" style=\"padding-top: 1rem;padding-bottom: 1rem;\"><span class=\"eut-custom-divider eut-bg-primary-2 eut-align-inherit\" style=\"width: 100%;height: 1px;\"><\/span><\/div>[vc_column_text]How to store bratwursts, you (don&#8217;t) have to know &#8211; On the importance of legal opinions for the avoidability of prohibition errors with a special focus on criminal food law; LMuR &#8211; Lebensmittel und Recht, 2023, p. 219 ff. together with Dr. Laura Borgel[\/vc_column_text]<div class=\"eut-element eut-divider\" style=\"padding-top: 1rem;padding-bottom: 1rem;\"><span class=\"eut-custom-divider eut-bg-primary-2 eut-align-inherit\" style=\"width: 100%;height: 1px;\"><\/span><\/div>[vc_column_text css=&#8221;&#8221;]Zum Begriff des &#8220;Diensteanbieters&#8221; im Sinne der europ\u00e4ischen E-Evidence-Verordnung\u00a0&#8211; Gedanken zur Reichweite und praktischen Auswirkungen, Corporate Compliance Zeitschrift 4\/2024, 102 ff., gemeinsam mit Margarete Wei\u00df[\/vc_column_text]<div class=\"eut-element eut-divider\" style=\"padding-top: 1rem;padding-bottom: 1rem;\"><span class=\"eut-custom-divider eut-bg-primary-2 eut-align-inherit\" style=\"width: 100%;height: 1px;\"><\/span><\/div>[vc_column_text css=&#8221;&#8221;]&#8221;Weisungen gegen\u00fcber der Staatsanwaltschaft&#8221;<br \/>\nZRP &#8211; Zeitschrift f\u00fcr Rechtspolitik \u00b7 19. Juli 2024, gemeinsam mit Frau Dr. Anna Krause-Abla\u00df[\/vc_column_text][\/vc_column_inner][\/vc_row_inner]<div class=\"eut-empty-space eut-height-3x\" style=\"\"><\/div>[\/vc_column][\/vc_row]<\/p>\n<\/div>","protected":false},"excerpt":{"rendered":"<p>[vc_row height_ratio=&#8221;70&#8243; rc_heading_color=&#8221;light&#8221; rc_bg_type=&#8221;image&#8221; rc_bg_image=&#8221;333&#8243; rc_bg_image_size=&#8221;full&#8221; rc_bg_position=&#8221;center-top&#8221;][vc_column vertical_content_position=&#8221;middle&#8221; el_class=&#8221;einstieg&#8221;][\/vc_column][\/vc_row][vc_row][vc_column][\/vc_column][\/vc_row][vc_row padding_top_multiplier=&#8221;&#8221;][vc_column][vc_row_inner][vc_column_inner width=&#8221;1\/3&#8243;][vc_column_text] Dr. Friedrich Schultehinrichs [\/vc_column_text][\/vc_column_inner][vc_column_inner width=&#8221;2\/3&#8243;][vc_column_text]Gewinnabsch\u00f6pfung bei Bet\u00e4ubungsmitteldelikten \u2013 Zur Problematik der geplanten Vorschrift \u00fcber den erweiterten Verfall (Dissertation)[\/vc_column_text][vc_column_text]DAI 3. Jahresarbeitstagung Steuerstrafrecht, Vortrag zu \u201eStrafbarkeitsrisiken des steuerlichen Beraters im Hinblick auf den Vorwurf der Beihilfe zur Steuerhinterziehung\u201c, Berlin 2022[\/vc_column_text][vc_column_text]Kitzb\u00fchel Country Club GmbH, Vortrag \u201eGrenz\u00fcbergreifende Zusammenarbeit [&hellip;]<\/p>\n","protected":false},"author":2,"featured_media":0,"parent":0,"menu_order":0,"comment_status":"closed","ping_status":"closed","template":"","meta":{"inline_featured_image":false,"footnotes":""},"class_list":["post-652","page","type-page","status-publish","hentry"],"_links":{"self":[{"href":"https:\/\/rae-sus.de\/en\/wp-json\/wp\/v2\/pages\/652","targetHints":{"allow":["GET"]}}],"collection":[{"href":"https:\/\/rae-sus.de\/en\/wp-json\/wp\/v2\/pages"}],"about":[{"href":"https:\/\/rae-sus.de\/en\/wp-json\/wp\/v2\/types\/page"}],"author":[{"embeddable":true,"href":"https:\/\/rae-sus.de\/en\/wp-json\/wp\/v2\/users\/2"}],"replies":[{"embeddable":true,"href":"https:\/\/rae-sus.de\/en\/wp-json\/wp\/v2\/comments?post=652"}],"version-history":[{"count":6,"href":"https:\/\/rae-sus.de\/en\/wp-json\/wp\/v2\/pages\/652\/revisions"}],"predecessor-version":[{"id":1497,"href":"https:\/\/rae-sus.de\/en\/wp-json\/wp\/v2\/pages\/652\/revisions\/1497"}],"wp:attachment":[{"href":"https:\/\/rae-sus.de\/en\/wp-json\/wp\/v2\/media?parent=652"}],"curies":[{"name":"wp","href":"https:\/\/api.w.org\/{rel}","templated":true}]}}